{"id":58,"date":"2016-04-09T00:05:54","date_gmt":"2016-04-09T04:05:54","guid":{"rendered":"http:\/\/www.stelizabethcleveland.org\/hu\/?page_id=58"},"modified":"2016-06-20T21:15:50","modified_gmt":"2016-06-21T01:15:50","slug":"linkek","status":"publish","type":"page","link":"https:\/\/www.stelizabethcleveland.org\/hu\/linkek\/","title":{"rendered":"Linkek"},"content":{"rendered":"<h3><a href=\"http:\/\/w2.vatican.va\/content\/vatican\/en.html\" target=\"_blank\">The Holy See<\/a><\/h3>\n<h3><a href=\"http:\/\/www.dioceseofcleveland.org\/\" target=\"_blank\">Diocese of Cleveland<\/a><\/h3>\n<h3><a href=\"http:\/\/www.ocfecleveland.org\/\" target=\"_blank\">Catechetical Formation and Education<\/a><\/h3>\n<h3><a href=\"http:\/\/ccdocle.org\/\" rel=\"nofollow\">Catholic Charities, Diocese of Cleveland<\/a><\/h3>\n<h3><a href=\"http:\/\/uj.katolikus.hu\/\" target=\"_blank\">Magyar Katolikus P\u00fcsp\u00f6ki Konferencia<\/a><\/h3>\n<h3><a href=\"http:\/\/www.magyarkurir.hu\/\">Magyar Kur\u00edr &#8211; Katolikus h\u00edrport\u00e1l <\/a><\/h3>\n<h3><a href=\"http:\/\/www.katolikusradio.hu\/\" target=\"_blank\">Magyar Katolikus R\u00e1di\u00f3<\/a><\/h3>\n<h3><a href=\"http:\/\/www.szentistvanradio.hu\/\">Szent Istv\u00e1n R\u00e1di\u00f3<\/a><\/h3>\n<h3><strong><a href=\"http:\/\/www.romkat.ro\/hu\" target=\"_blank\">Gyulafeh\u00e9rv\u00e1ri R\u00f3mai Katolikus \u00c9rseks\u00e9g<\/a><\/strong><\/h3>\n<h3><a href=\"http:\/\/stemeric.com\/\">Szent Imre R\u00f3mai Katolikus Templom<\/a><\/h3>\n<h3><a href=\"http:\/\/www.clevelandcserkesz.org\/\" target=\"_blank\">Clevelandi Magyar Cserk\u00e9szcsapatok<\/a><\/h3>\n<h3><a href=\"http:\/\/clevelandhungarianmuseum.org\/\" target=\"_blank\">Cleveland Hungarian Museum<\/a><\/h3>\n<h3><a href=\"http:\/\/www.hungariancleveland.org\/\" target=\"_blank\">United Hungarian Societies<\/a><\/h3>\n<h3><a href=\"http:\/\/www.bocskairadio.org\/\" target=\"_blank\">Bocskai R\u00e1di\u00f3<\/a><\/h3>\n","protected":false},"excerpt":{"rendered":"<p>The Holy See Diocese of Cleveland Catechetical Formation and Education Catholic Charities, Diocese of Cleveland Magyar Katolikus P\u00fcsp\u00f6ki Konferencia Magyar Kur\u00edr &#8211; Katolikus h\u00edrport\u00e1l Magyar Katolikus R\u00e1di\u00f3 Szent Istv\u00e1n R\u00e1di\u00f3 Gyulafeh\u00e9rv\u00e1ri R\u00f3mai Katolikus \u00c9rseks\u00e9g Szent Imre R\u00f3mai Katolikus Templom Clevelandi Magyar Cserk\u00e9szcsapatok Cleveland Hungarian Museum United Hungarian Societies Bocskai R\u00e1di\u00f3<\/p>\n","protected":false},"author":2,"featured_media":0,"parent":0,"menu_order":0,"comment_status":"closed","ping_status":"closed","template":"","meta":{"jetpack_post_was_ever_published":false,"footnotes":""},"class_list":["post-58","page","type-page","status-publish","hentry"],"yoast_head":"<!-- This site is optimized with the Yoast SEO plugin v27.3 - https:\/\/yoast.com\/product\/yoast-seo-wordpress\/ -->\n<title>Linkek - St. Elizabeth of Hungary Catholic Church<\/title>\n<meta name=\"robots\" content=\"index, follow, max-snippet:-1, max-image-preview:large, max-video-preview:-1\" \/>\n<link rel=\"canonical\" href=\"https:\/\/www.stelizabethcleveland.org\/hu\/linkek\/\" \/>\n<meta property=\"og:locale\" content=\"hu_HU\" \/>\n<meta property=\"og:type\" content=\"article\" \/>\n<meta property=\"og:title\" content=\"Linkek - St. Elizabeth of Hungary Catholic Church\" \/>\n<meta property=\"og:description\" content=\"The Holy See Diocese of Cleveland Catechetical Formation and Education Catholic Charities, Diocese of Cleveland Magyar Katolikus P\u00fcsp\u00f6ki Konferencia Magyar Kur\u00edr &#8211; Katolikus h\u00edrport\u00e1l Magyar Katolikus R\u00e1di\u00f3 Szent Istv\u00e1n R\u00e1di\u00f3 Gyulafeh\u00e9rv\u00e1ri R\u00f3mai Katolikus \u00c9rseks\u00e9g Szent Imre R\u00f3mai Katolikus Templom Clevelandi Magyar Cserk\u00e9szcsapatok Cleveland Hungarian Museum United Hungarian Societies Bocskai R\u00e1di\u00f3\" \/>\n<meta property=\"og:url\" content=\"https:\/\/www.stelizabethcleveland.org\/hu\/linkek\/\" \/>\n<meta property=\"og:site_name\" content=\"St. Elizabeth of Hungary Catholic Church\" \/>\n<meta property=\"article:modified_time\" content=\"2016-06-21T01:15:50+00:00\" \/>\n<meta property=\"og:image\" content=\"https:\/\/www.stelizabethcleveland.org\/wp-content\/uploads\/2016\/04\/StElisabet-Outside.jpg\" \/>\n\t<meta property=\"og:image:width\" content=\"1920\" \/>\n\t<meta property=\"og:image:height\" content=\"1280\" \/>\n\t<meta property=\"og:image:type\" content=\"image\/jpeg\" \/>\n<meta name=\"twitter:card\" content=\"summary_large_image\" \/>\n<script type=\"application\/ld+json\" class=\"yoast-schema-graph\">{\"@context\":\"https:\\\/\\\/schema.org\",\"@graph\":[{\"@type\":\"WebPage\",\"@id\":\"https:\\\/\\\/www.stelizabethcleveland.org\\\/hu\\\/linkek\\\/\",\"url\":\"https:\\\/\\\/www.stelizabethcleveland.org\\\/hu\\\/linkek\\\/\",\"name\":\"Linkek - St. Elizabeth of Hungary Catholic Church\",\"isPartOf\":{\"@id\":\"https:\\\/\\\/www.stelizabethcleveland.org\\\/hu\\\/#website\"},\"datePublished\":\"2016-04-09T04:05:54+00:00\",\"dateModified\":\"2016-06-21T01:15:50+00:00\",\"breadcrumb\":{\"@id\":\"https:\\\/\\\/www.stelizabethcleveland.org\\\/hu\\\/linkek\\\/#breadcrumb\"},\"inLanguage\":\"hu\",\"potentialAction\":[{\"@type\":\"ReadAction\",\"target\":[\"https:\\\/\\\/www.stelizabethcleveland.org\\\/hu\\\/linkek\\\/\"]}]},{\"@type\":\"BreadcrumbList\",\"@id\":\"https:\\\/\\\/www.stelizabethcleveland.org\\\/hu\\\/linkek\\\/#breadcrumb\",\"itemListElement\":[{\"@type\":\"ListItem\",\"position\":1,\"name\":\"Home\",\"item\":\"https:\\\/\\\/www.stelizabethcleveland.org\\\/hu\\\/\"},{\"@type\":\"ListItem\",\"position\":2,\"name\":\"Linkek\"}]},{\"@type\":\"WebSite\",\"@id\":\"https:\\\/\\\/www.stelizabethcleveland.org\\\/hu\\\/#website\",\"url\":\"https:\\\/\\\/www.stelizabethcleveland.org\\\/hu\\\/\",\"name\":\"St. Elizabeth of Hungary Catholic Church\",\"description\":\"Szent Erzs\u00e9bet R\u00f3mai Katolikus Templom\",\"publisher\":{\"@id\":\"https:\\\/\\\/www.stelizabethcleveland.org\\\/hu\\\/#organization\"},\"potentialAction\":[{\"@type\":\"SearchAction\",\"target\":{\"@type\":\"EntryPoint\",\"urlTemplate\":\"https:\\\/\\\/www.stelizabethcleveland.org\\\/hu\\\/?s={search_term_string}\"},\"query-input\":{\"@type\":\"PropertyValueSpecification\",\"valueRequired\":true,\"valueName\":\"search_term_string\"}}],\"inLanguage\":\"hu\"},{\"@type\":\"Organization\",\"@id\":\"https:\\\/\\\/www.stelizabethcleveland.org\\\/hu\\\/#organization\",\"name\":\"St. Elizabeth of Hungary Catholic Church\",\"url\":\"https:\\\/\\\/www.stelizabethcleveland.org\\\/hu\\\/\",\"logo\":{\"@type\":\"ImageObject\",\"inLanguage\":\"hu\",\"@id\":\"https:\\\/\\\/www.stelizabethcleveland.org\\\/hu\\\/#\\\/schema\\\/logo\\\/image\\\/\",\"url\":\"https:\\\/\\\/www.stelizabethcleveland.org\\\/wp-content\\\/uploads\\\/2016\\\/04\\\/StElizabet-logo.jpg\",\"contentUrl\":\"https:\\\/\\\/www.stelizabethcleveland.org\\\/wp-content\\\/uploads\\\/2016\\\/04\\\/StElizabet-logo.jpg\",\"width\":150,\"height\":183,\"caption\":\"St. Elizabeth of Hungary Catholic Church\"},\"image\":{\"@id\":\"https:\\\/\\\/www.stelizabethcleveland.org\\\/hu\\\/#\\\/schema\\\/logo\\\/image\\\/\"}}]}<\/script>\n<!-- \/ Yoast SEO plugin. -->","yoast_head_json":{"title":"Linkek - St. Elizabeth of Hungary Catholic Church","robots":{"index":"index","follow":"follow","max-snippet":"max-snippet:-1","max-image-preview":"max-image-preview:large","max-video-preview":"max-video-preview:-1"},"canonical":"https:\/\/www.stelizabethcleveland.org\/hu\/linkek\/","og_locale":"hu_HU","og_type":"article","og_title":"Linkek - St. Elizabeth of Hungary Catholic Church","og_description":"The Holy See Diocese of Cleveland Catechetical Formation and Education Catholic Charities, Diocese of Cleveland Magyar Katolikus P\u00fcsp\u00f6ki Konferencia Magyar Kur\u00edr &#8211; Katolikus h\u00edrport\u00e1l Magyar Katolikus R\u00e1di\u00f3 Szent Istv\u00e1n R\u00e1di\u00f3 Gyulafeh\u00e9rv\u00e1ri R\u00f3mai Katolikus \u00c9rseks\u00e9g Szent Imre R\u00f3mai Katolikus Templom Clevelandi Magyar Cserk\u00e9szcsapatok Cleveland Hungarian Museum United Hungarian Societies Bocskai R\u00e1di\u00f3","og_url":"https:\/\/www.stelizabethcleveland.org\/hu\/linkek\/","og_site_name":"St. Elizabeth of Hungary Catholic Church","article_modified_time":"2016-06-21T01:15:50+00:00","og_image":[{"width":1920,"height":1280,"url":"https:\/\/www.stelizabethcleveland.org\/wp-content\/uploads\/2016\/04\/StElisabet-Outside.jpg","type":"image\/jpeg"}],"twitter_card":"summary_large_image","schema":{"@context":"https:\/\/schema.org","@graph":[{"@type":"WebPage","@id":"https:\/\/www.stelizabethcleveland.org\/hu\/linkek\/","url":"https:\/\/www.stelizabethcleveland.org\/hu\/linkek\/","name":"Linkek - St. Elizabeth of Hungary Catholic Church","isPartOf":{"@id":"https:\/\/www.stelizabethcleveland.org\/hu\/#website"},"datePublished":"2016-04-09T04:05:54+00:00","dateModified":"2016-06-21T01:15:50+00:00","breadcrumb":{"@id":"https:\/\/www.stelizabethcleveland.org\/hu\/linkek\/#breadcrumb"},"inLanguage":"hu","potentialAction":[{"@type":"ReadAction","target":["https:\/\/www.stelizabethcleveland.org\/hu\/linkek\/"]}]},{"@type":"BreadcrumbList","@id":"https:\/\/www.stelizabethcleveland.org\/hu\/linkek\/#breadcrumb","itemListElement":[{"@type":"ListItem","position":1,"name":"Home","item":"https:\/\/www.stelizabethcleveland.org\/hu\/"},{"@type":"ListItem","position":2,"name":"Linkek"}]},{"@type":"WebSite","@id":"https:\/\/www.stelizabethcleveland.org\/hu\/#website","url":"https:\/\/www.stelizabethcleveland.org\/hu\/","name":"St. Elizabeth of Hungary Catholic Church","description":"Szent Erzs\u00e9bet R\u00f3mai Katolikus Templom","publisher":{"@id":"https:\/\/www.stelizabethcleveland.org\/hu\/#organization"},"potentialAction":[{"@type":"SearchAction","target":{"@type":"EntryPoint","urlTemplate":"https:\/\/www.stelizabethcleveland.org\/hu\/?s={search_term_string}"},"query-input":{"@type":"PropertyValueSpecification","valueRequired":true,"valueName":"search_term_string"}}],"inLanguage":"hu"},{"@type":"Organization","@id":"https:\/\/www.stelizabethcleveland.org\/hu\/#organization","name":"St. Elizabeth of Hungary Catholic Church","url":"https:\/\/www.stelizabethcleveland.org\/hu\/","logo":{"@type":"ImageObject","inLanguage":"hu","@id":"https:\/\/www.stelizabethcleveland.org\/hu\/#\/schema\/logo\/image\/","url":"https:\/\/www.stelizabethcleveland.org\/wp-content\/uploads\/2016\/04\/StElizabet-logo.jpg","contentUrl":"https:\/\/www.stelizabethcleveland.org\/wp-content\/uploads\/2016\/04\/StElizabet-logo.jpg","width":150,"height":183,"caption":"St. Elizabeth of Hungary Catholic Church"},"image":{"@id":"https:\/\/www.stelizabethcleveland.org\/hu\/#\/schema\/logo\/image\/"}}]}},"jetpack_sharing_enabled":true,"jetpack_shortlink":"https:\/\/wp.me\/P7q0Tc-W","_links":{"self":[{"href":"https:\/\/www.stelizabethcleveland.org\/hu\/wp-json\/wp\/v2\/pages\/58","targetHints":{"allow":["GET"]}}],"collection":[{"href":"https:\/\/www.stelizabethcleveland.org\/hu\/wp-json\/wp\/v2\/pages"}],"about":[{"href":"https:\/\/www.stelizabethcleveland.org\/hu\/wp-json\/wp\/v2\/types\/page"}],"author":[{"embeddable":true,"href":"https:\/\/www.stelizabethcleveland.org\/hu\/wp-json\/wp\/v2\/users\/2"}],"replies":[{"embeddable":true,"href":"https:\/\/www.stelizabethcleveland.org\/hu\/wp-json\/wp\/v2\/comments?post=58"}],"version-history":[{"count":0,"href":"https:\/\/www.stelizabethcleveland.org\/hu\/wp-json\/wp\/v2\/pages\/58\/revisions"}],"wp:attachment":[{"href":"https:\/\/www.stelizabethcleveland.org\/hu\/wp-json\/wp\/v2\/media?parent=58"}],"curies":[{"name":"wp","href":"https:\/\/api.w.org\/{rel}","templated":true}]}}