{"id":259,"date":"2016-04-18T10:36:48","date_gmt":"2016-04-18T14:36:48","guid":{"rendered":"http:\/\/www.stelizabethcleveland.org\/hu\/mass-schedule\/"},"modified":"2018-07-18T22:36:13","modified_gmt":"2018-07-19T02:36:13","slug":"miserend","status":"publish","type":"page","link":"https:\/\/www.stelizabethcleveland.org\/hu\/miserend\/","title":{"rendered":"Miserend"},"content":{"rendered":"<table width=\"469\">\n<tbody>\n<tr>\n<td width=\"111\"><strong>H\u00e9tv\u00e9g\u00e9n<\/strong><\/td>\n<td width=\"359\">vas\u00e1rnap 9:30<\/td>\n<\/tr>\n<tr>\n<td width=\"111\"><\/td>\n<td width=\"359\"><\/td>\n<\/tr>\n<tr>\n<td width=\"111\"><strong>H\u00e9tk\u00f6znap<\/strong><\/td>\n<td width=\"359\">A Szent Imre templomban<\/td>\n<\/tr>\n<tr>\n<td width=\"111\"><strong>F\u0151\u00fcnnepeken<\/strong><\/td>\n<td width=\"359\">9:30\u00a0\u00a0(n<span id=\"result_box\" class=\"short_text\" lang=\"hu\"><span class=\"\">ovember 1 <\/span>&#8211; \u00e1prilis 1<\/span>);<\/td>\n<\/tr>\n<tr>\n<td width=\"111\"><\/td>\n<td width=\"359\"><\/td>\n<\/tr>\n<\/tbody>\n<\/table>\n<p><strong>\u00c1jtatoss\u00e1gok:<\/strong><\/p>\n<table width=\"469\">\n<tbody>\n<tr>\n<td width=\"111\">Szents\u00e9gim\u00e1d\u00e1s<\/td>\n<td width=\"359\">H\u00f3nap els\u0151 vas\u00e1rnapj\u00e1n<\/p>\n<p>(9:00 \u2013 9:30)<\/td>\n<\/tr>\n<tr>\n<td width=\"111\">R\u00f3zsaf\u00fcz\u00e9r<\/td>\n<td width=\"359\">Vas\u00e1rnapi mis\u00e9k el\u0151tt<\/p>\n<p>(9:00 \u2013 9:30)<\/td>\n<\/tr>\n<tr>\n<td width=\"111\">Kereszt\u00fat<\/td>\n<td width=\"359\">Vas\u00e1rnapi mis\u00e9k el\u0151tt nagyb\u00f6jtben<\/p>\n<p>(9:00 \u2013 9:30)<\/td>\n<\/tr>\n<\/tbody>\n<\/table>\n<p><strong>Gy\u00f3ntat\u00e1s:<\/strong><\/p>\n<table width=\"469\">\n<tbody>\n<tr>\n<td width=\"469\">Mis\u00e9k el\u0151tt vagy b\u00e1rmikor k\u00e9r\u00e9s szerint<\/td>\n<\/tr>\n<\/tbody>\n<\/table>\n<p><strong>Betegl\u00e1togat\u00e1s<\/strong><strong>:<\/strong><\/p>\n<table width=\"469\">\n<tbody>\n<tr>\n<td width=\"469\">Lorantffy Otthonban (Copley, Ohio) havonta<\/td>\n<\/tr>\n<tr>\n<td width=\"469\">B\u00e1rmikor a sz\u00fcks\u00e9g vagy k\u00e9r\u00e9s szerint<\/td>\n<\/tr>\n<\/tbody>\n<\/table>\n<div class=\"woo-sc-hr\"><\/div>\n<p><strong>\u00c9vi Rendezv\u00e9nyek:<\/strong><\/p>\n<p>[ai1ec view=&#8221;stream&#8221; events_limit=&#8221;5&#8243; cat_name=&#8221;Dinner, Special Mass&#8221;]<\/p>\n<div class=\"woo-sc-hr\"><\/div>\n<p><strong>Online Adom\u00e1nyoz\u00e1s:<\/strong><\/p>\n<p>Egyh\u00e1zk\u00f6zs\u00e9g PayPal sz\u00e1ml\u00e1ja:\u00a0<strong>Church St. Elizabeth<br \/>\n<\/strong><\/p>\n<p>E-mail c\u00edm: mezei1127@gmail.com<\/p>\n","protected":false},"excerpt":{"rendered":"<p>H\u00e9tv\u00e9g\u00e9n vas\u00e1rnap 9:30 H\u00e9tk\u00f6znap A Szent Imre templomban F\u0151\u00fcnnepeken 9:30\u00a0\u00a0(november 1 &#8211; \u00e1prilis 1); \u00c1jtatoss\u00e1gok: Szents\u00e9gim\u00e1d\u00e1s H\u00f3nap els\u0151 vas\u00e1rnapj\u00e1n (9:00 \u2013 9:30) R\u00f3zsaf\u00fcz\u00e9r Vas\u00e1rnapi mis\u00e9k el\u0151tt (9:00 \u2013 9:30) Kereszt\u00fat Vas\u00e1rnapi mis\u00e9k el\u0151tt nagyb\u00f6jtben (9:00 \u2013 9:30) Gy\u00f3ntat\u00e1s: Mis\u00e9k el\u0151tt vagy b\u00e1rmikor k\u00e9r\u00e9s szerint Betegl\u00e1togat\u00e1s: Lorantffy Otthonban (Copley, Ohio) havonta B\u00e1rmikor a sz\u00fcks\u00e9g vagy k\u00e9r\u00e9s [&hellip;]<\/p>\n","protected":false},"author":2,"featured_media":168,"parent":0,"menu_order":0,"comment_status":"closed","ping_status":"closed","template":"","meta":{"jetpack_post_was_ever_published":false,"footnotes":""},"class_list":["post-259","page","type-page","status-publish","has-post-thumbnail","hentry"],"yoast_head":"<!-- This site is optimized with the Yoast SEO plugin v27.3 - https:\/\/yoast.com\/product\/yoast-seo-wordpress\/ -->\n<title>Miserend - St. Elizabeth of Hungary Catholic Church<\/title>\n<meta name=\"robots\" content=\"index, follow, max-snippet:-1, max-image-preview:large, max-video-preview:-1\" \/>\n<link rel=\"canonical\" href=\"https:\/\/www.stelizabethcleveland.org\/hu\/miserend\/\" \/>\n<meta property=\"og:locale\" content=\"hu_HU\" \/>\n<meta property=\"og:type\" content=\"article\" \/>\n<meta property=\"og:title\" content=\"Miserend - St. Elizabeth of Hungary Catholic Church\" \/>\n<meta property=\"og:description\" content=\"H\u00e9tv\u00e9g\u00e9n vas\u00e1rnap 9:30 H\u00e9tk\u00f6znap A Szent Imre templomban F\u0151\u00fcnnepeken 9:30\u00a0\u00a0(november 1 &#8211; \u00e1prilis 1); \u00c1jtatoss\u00e1gok: Szents\u00e9gim\u00e1d\u00e1s H\u00f3nap els\u0151 vas\u00e1rnapj\u00e1n (9:00 \u2013 9:30) R\u00f3zsaf\u00fcz\u00e9r Vas\u00e1rnapi mis\u00e9k el\u0151tt (9:00 \u2013 9:30) Kereszt\u00fat Vas\u00e1rnapi mis\u00e9k el\u0151tt nagyb\u00f6jtben (9:00 \u2013 9:30) Gy\u00f3ntat\u00e1s: Mis\u00e9k el\u0151tt vagy b\u00e1rmikor k\u00e9r\u00e9s szerint Betegl\u00e1togat\u00e1s: Lorantffy Otthonban (Copley, Ohio) havonta B\u00e1rmikor a sz\u00fcks\u00e9g vagy k\u00e9r\u00e9s [&hellip;]\" \/>\n<meta property=\"og:url\" content=\"https:\/\/www.stelizabethcleveland.org\/hu\/miserend\/\" \/>\n<meta property=\"og:site_name\" content=\"St. Elizabeth of Hungary Catholic Church\" \/>\n<meta property=\"article:modified_time\" content=\"2018-07-19T02:36:13+00:00\" \/>\n<meta property=\"og:image\" content=\"https:\/\/www.stelizabethcleveland.org\/wp-content\/uploads\/2016\/04\/StElisabet-Inside.jpg\" \/>\n\t<meta property=\"og:image:width\" content=\"1920\" \/>\n\t<meta property=\"og:image:height\" content=\"1280\" \/>\n\t<meta property=\"og:image:type\" content=\"image\/jpeg\" \/>\n<meta name=\"twitter:card\" content=\"summary_large_image\" \/>\n<meta name=\"twitter:image\" content=\"http:\/\/www.stelizabethcleveland.org\/wp-content\/uploads\/2016\/04\/StElisabet-Inside.jpg\" \/>\n<meta name=\"twitter:label1\" content=\"Becs\u00fclt olvas\u00e1si id\u0151\" \/>\n\t<meta name=\"twitter:data1\" content=\"1 perc\" \/>\n<script type=\"application\/ld+json\" class=\"yoast-schema-graph\">{\"@context\":\"https:\\\/\\\/schema.org\",\"@graph\":[{\"@type\":\"WebPage\",\"@id\":\"https:\\\/\\\/www.stelizabethcleveland.org\\\/hu\\\/miserend\\\/\",\"url\":\"https:\\\/\\\/www.stelizabethcleveland.org\\\/hu\\\/miserend\\\/\",\"name\":\"Miserend - St. Elizabeth of Hungary Catholic Church\",\"isPartOf\":{\"@id\":\"https:\\\/\\\/www.stelizabethcleveland.org\\\/hu\\\/#website\"},\"primaryImageOfPage\":{\"@id\":\"https:\\\/\\\/www.stelizabethcleveland.org\\\/hu\\\/miserend\\\/#primaryimage\"},\"image\":{\"@id\":\"https:\\\/\\\/www.stelizabethcleveland.org\\\/hu\\\/miserend\\\/#primaryimage\"},\"thumbnailUrl\":\"https:\\\/\\\/www.stelizabethcleveland.org\\\/wp-content\\\/uploads\\\/2016\\\/04\\\/StElisabet-Inside.jpg\",\"datePublished\":\"2016-04-18T14:36:48+00:00\",\"dateModified\":\"2018-07-19T02:36:13+00:00\",\"breadcrumb\":{\"@id\":\"https:\\\/\\\/www.stelizabethcleveland.org\\\/hu\\\/miserend\\\/#breadcrumb\"},\"inLanguage\":\"hu\",\"potentialAction\":[{\"@type\":\"ReadAction\",\"target\":[\"https:\\\/\\\/www.stelizabethcleveland.org\\\/hu\\\/miserend\\\/\"]}]},{\"@type\":\"ImageObject\",\"inLanguage\":\"hu\",\"@id\":\"https:\\\/\\\/www.stelizabethcleveland.org\\\/hu\\\/miserend\\\/#primaryimage\",\"url\":\"https:\\\/\\\/www.stelizabethcleveland.org\\\/wp-content\\\/uploads\\\/2016\\\/04\\\/StElisabet-Inside.jpg\",\"contentUrl\":\"https:\\\/\\\/www.stelizabethcleveland.org\\\/wp-content\\\/uploads\\\/2016\\\/04\\\/StElisabet-Inside.jpg\",\"width\":1920,\"height\":1280},{\"@type\":\"BreadcrumbList\",\"@id\":\"https:\\\/\\\/www.stelizabethcleveland.org\\\/hu\\\/miserend\\\/#breadcrumb\",\"itemListElement\":[{\"@type\":\"ListItem\",\"position\":1,\"name\":\"Home\",\"item\":\"https:\\\/\\\/www.stelizabethcleveland.org\\\/hu\\\/\"},{\"@type\":\"ListItem\",\"position\":2,\"name\":\"Miserend\"}]},{\"@type\":\"WebSite\",\"@id\":\"https:\\\/\\\/www.stelizabethcleveland.org\\\/hu\\\/#website\",\"url\":\"https:\\\/\\\/www.stelizabethcleveland.org\\\/hu\\\/\",\"name\":\"St. Elizabeth of Hungary Catholic Church\",\"description\":\"Szent Erzs\u00e9bet R\u00f3mai Katolikus Templom\",\"publisher\":{\"@id\":\"https:\\\/\\\/www.stelizabethcleveland.org\\\/hu\\\/#organization\"},\"potentialAction\":[{\"@type\":\"SearchAction\",\"target\":{\"@type\":\"EntryPoint\",\"urlTemplate\":\"https:\\\/\\\/www.stelizabethcleveland.org\\\/hu\\\/?s={search_term_string}\"},\"query-input\":{\"@type\":\"PropertyValueSpecification\",\"valueRequired\":true,\"valueName\":\"search_term_string\"}}],\"inLanguage\":\"hu\"},{\"@type\":\"Organization\",\"@id\":\"https:\\\/\\\/www.stelizabethcleveland.org\\\/hu\\\/#organization\",\"name\":\"St. Elizabeth of Hungary Catholic Church\",\"url\":\"https:\\\/\\\/www.stelizabethcleveland.org\\\/hu\\\/\",\"logo\":{\"@type\":\"ImageObject\",\"inLanguage\":\"hu\",\"@id\":\"https:\\\/\\\/www.stelizabethcleveland.org\\\/hu\\\/#\\\/schema\\\/logo\\\/image\\\/\",\"url\":\"https:\\\/\\\/www.stelizabethcleveland.org\\\/wp-content\\\/uploads\\\/2016\\\/04\\\/StElizabet-logo.jpg\",\"contentUrl\":\"https:\\\/\\\/www.stelizabethcleveland.org\\\/wp-content\\\/uploads\\\/2016\\\/04\\\/StElizabet-logo.jpg\",\"width\":150,\"height\":183,\"caption\":\"St. Elizabeth of Hungary Catholic Church\"},\"image\":{\"@id\":\"https:\\\/\\\/www.stelizabethcleveland.org\\\/hu\\\/#\\\/schema\\\/logo\\\/image\\\/\"}}]}<\/script>\n<!-- \/ Yoast SEO plugin. -->","yoast_head_json":{"title":"Miserend - St. Elizabeth of Hungary Catholic Church","robots":{"index":"index","follow":"follow","max-snippet":"max-snippet:-1","max-image-preview":"max-image-preview:large","max-video-preview":"max-video-preview:-1"},"canonical":"https:\/\/www.stelizabethcleveland.org\/hu\/miserend\/","og_locale":"hu_HU","og_type":"article","og_title":"Miserend - St. Elizabeth of Hungary Catholic Church","og_description":"H\u00e9tv\u00e9g\u00e9n vas\u00e1rnap 9:30 H\u00e9tk\u00f6znap A Szent Imre templomban F\u0151\u00fcnnepeken 9:30\u00a0\u00a0(november 1 &#8211; \u00e1prilis 1); \u00c1jtatoss\u00e1gok: Szents\u00e9gim\u00e1d\u00e1s H\u00f3nap els\u0151 vas\u00e1rnapj\u00e1n (9:00 \u2013 9:30) R\u00f3zsaf\u00fcz\u00e9r Vas\u00e1rnapi mis\u00e9k el\u0151tt (9:00 \u2013 9:30) Kereszt\u00fat Vas\u00e1rnapi mis\u00e9k el\u0151tt nagyb\u00f6jtben (9:00 \u2013 9:30) Gy\u00f3ntat\u00e1s: Mis\u00e9k el\u0151tt vagy b\u00e1rmikor k\u00e9r\u00e9s szerint Betegl\u00e1togat\u00e1s: Lorantffy Otthonban (Copley, Ohio) havonta B\u00e1rmikor a sz\u00fcks\u00e9g vagy k\u00e9r\u00e9s [&hellip;]","og_url":"https:\/\/www.stelizabethcleveland.org\/hu\/miserend\/","og_site_name":"St. Elizabeth of Hungary Catholic Church","article_modified_time":"2018-07-19T02:36:13+00:00","og_image":[{"width":1920,"height":1280,"url":"https:\/\/www.stelizabethcleveland.org\/wp-content\/uploads\/2016\/04\/StElisabet-Inside.jpg","type":"image\/jpeg"}],"twitter_card":"summary_large_image","twitter_image":"http:\/\/www.stelizabethcleveland.org\/wp-content\/uploads\/2016\/04\/StElisabet-Inside.jpg","twitter_misc":{"Becs\u00fclt olvas\u00e1si id\u0151":"1 perc"},"schema":{"@context":"https:\/\/schema.org","@graph":[{"@type":"WebPage","@id":"https:\/\/www.stelizabethcleveland.org\/hu\/miserend\/","url":"https:\/\/www.stelizabethcleveland.org\/hu\/miserend\/","name":"Miserend - St. Elizabeth of Hungary Catholic Church","isPartOf":{"@id":"https:\/\/www.stelizabethcleveland.org\/hu\/#website"},"primaryImageOfPage":{"@id":"https:\/\/www.stelizabethcleveland.org\/hu\/miserend\/#primaryimage"},"image":{"@id":"https:\/\/www.stelizabethcleveland.org\/hu\/miserend\/#primaryimage"},"thumbnailUrl":"https:\/\/www.stelizabethcleveland.org\/wp-content\/uploads\/2016\/04\/StElisabet-Inside.jpg","datePublished":"2016-04-18T14:36:48+00:00","dateModified":"2018-07-19T02:36:13+00:00","breadcrumb":{"@id":"https:\/\/www.stelizabethcleveland.org\/hu\/miserend\/#breadcrumb"},"inLanguage":"hu","potentialAction":[{"@type":"ReadAction","target":["https:\/\/www.stelizabethcleveland.org\/hu\/miserend\/"]}]},{"@type":"ImageObject","inLanguage":"hu","@id":"https:\/\/www.stelizabethcleveland.org\/hu\/miserend\/#primaryimage","url":"https:\/\/www.stelizabethcleveland.org\/wp-content\/uploads\/2016\/04\/StElisabet-Inside.jpg","contentUrl":"https:\/\/www.stelizabethcleveland.org\/wp-content\/uploads\/2016\/04\/StElisabet-Inside.jpg","width":1920,"height":1280},{"@type":"BreadcrumbList","@id":"https:\/\/www.stelizabethcleveland.org\/hu\/miserend\/#breadcrumb","itemListElement":[{"@type":"ListItem","position":1,"name":"Home","item":"https:\/\/www.stelizabethcleveland.org\/hu\/"},{"@type":"ListItem","position":2,"name":"Miserend"}]},{"@type":"WebSite","@id":"https:\/\/www.stelizabethcleveland.org\/hu\/#website","url":"https:\/\/www.stelizabethcleveland.org\/hu\/","name":"St. Elizabeth of Hungary Catholic Church","description":"Szent Erzs\u00e9bet R\u00f3mai Katolikus Templom","publisher":{"@id":"https:\/\/www.stelizabethcleveland.org\/hu\/#organization"},"potentialAction":[{"@type":"SearchAction","target":{"@type":"EntryPoint","urlTemplate":"https:\/\/www.stelizabethcleveland.org\/hu\/?s={search_term_string}"},"query-input":{"@type":"PropertyValueSpecification","valueRequired":true,"valueName":"search_term_string"}}],"inLanguage":"hu"},{"@type":"Organization","@id":"https:\/\/www.stelizabethcleveland.org\/hu\/#organization","name":"St. Elizabeth of Hungary Catholic Church","url":"https:\/\/www.stelizabethcleveland.org\/hu\/","logo":{"@type":"ImageObject","inLanguage":"hu","@id":"https:\/\/www.stelizabethcleveland.org\/hu\/#\/schema\/logo\/image\/","url":"https:\/\/www.stelizabethcleveland.org\/wp-content\/uploads\/2016\/04\/StElizabet-logo.jpg","contentUrl":"https:\/\/www.stelizabethcleveland.org\/wp-content\/uploads\/2016\/04\/StElizabet-logo.jpg","width":150,"height":183,"caption":"St. Elizabeth of Hungary Catholic Church"},"image":{"@id":"https:\/\/www.stelizabethcleveland.org\/hu\/#\/schema\/logo\/image\/"}}]}},"jetpack_sharing_enabled":true,"jetpack_shortlink":"https:\/\/wp.me\/P7q0Tc-4b","_links":{"self":[{"href":"https:\/\/www.stelizabethcleveland.org\/hu\/wp-json\/wp\/v2\/pages\/259","targetHints":{"allow":["GET"]}}],"collection":[{"href":"https:\/\/www.stelizabethcleveland.org\/hu\/wp-json\/wp\/v2\/pages"}],"about":[{"href":"https:\/\/www.stelizabethcleveland.org\/hu\/wp-json\/wp\/v2\/types\/page"}],"author":[{"embeddable":true,"href":"https:\/\/www.stelizabethcleveland.org\/hu\/wp-json\/wp\/v2\/users\/2"}],"replies":[{"embeddable":true,"href":"https:\/\/www.stelizabethcleveland.org\/hu\/wp-json\/wp\/v2\/comments?post=259"}],"version-history":[{"count":0,"href":"https:\/\/www.stelizabethcleveland.org\/hu\/wp-json\/wp\/v2\/pages\/259\/revisions"}],"wp:featuredmedia":[{"embeddable":true,"href":"https:\/\/www.stelizabethcleveland.org\/hu\/wp-json\/wp\/v2\/media\/168"}],"wp:attachment":[{"href":"https:\/\/www.stelizabethcleveland.org\/hu\/wp-json\/wp\/v2\/media?parent=259"}],"curies":[{"name":"wp","href":"https:\/\/api.w.org\/{rel}","templated":true}]}}