{"id":138,"date":"2016-04-18T12:26:00","date_gmt":"2016-04-18T16:26:00","guid":{"rendered":"http:\/\/www.stelizabethcleveland.org\/hu\/?page_id=138"},"modified":"2018-08-23T22:38:54","modified_gmt":"2018-08-24T02:38:54","slug":"lelkeszi-uzenet","status":"publish","type":"page","link":"https:\/\/www.stelizabethcleveland.org\/hu\/lelkeszi-uzenet\/","title":{"rendered":"Lelk\u00e9szi \u00fczenet"},"content":{"rendered":"<p><img loading=\"lazy\" decoding=\"async\" data-attachment-id=\"2520\" data-permalink=\"https:\/\/www.stelizabethcleveland.org\/hu\/lelkeszi-uzenet\/dsc_0351\/\" data-orig-file=\"https:\/\/www.stelizabethcleveland.org\/wp-content\/uploads\/2018\/08\/DSC_0351.jpg\" data-orig-size=\"533,800\" data-comments-opened=\"1\" data-image-meta=\"{&quot;aperture&quot;:&quot;0&quot;,&quot;credit&quot;:&quot;&quot;,&quot;camera&quot;:&quot;&quot;,&quot;caption&quot;:&quot;&quot;,&quot;created_timestamp&quot;:&quot;0&quot;,&quot;copyright&quot;:&quot;&quot;,&quot;focal_length&quot;:&quot;0&quot;,&quot;iso&quot;:&quot;0&quot;,&quot;shutter_speed&quot;:&quot;0&quot;,&quot;title&quot;:&quot;&quot;,&quot;orientation&quot;:&quot;0&quot;}\" data-image-title=\"DSC_0351\" data-image-description=\"\" data-image-caption=\"\" data-large-file=\"https:\/\/www.stelizabethcleveland.org\/wp-content\/uploads\/2018\/08\/DSC_0351-480x720.jpg\" class=\"alignnone size-medium wp-image-2520\" src=\"http:\/\/www.stelizabethcleveland.org\/wp-content\/uploads\/2018\/08\/DSC_0351-200x300.jpg\" alt=\"\" width=\"200\" height=\"300\" srcset=\"https:\/\/www.stelizabethcleveland.org\/wp-content\/uploads\/2018\/08\/DSC_0351-200x300.jpg 200w, https:\/\/www.stelizabethcleveland.org\/wp-content\/uploads\/2018\/08\/DSC_0351-480x720.jpg 480w, https:\/\/www.stelizabethcleveland.org\/wp-content\/uploads\/2018\/08\/DSC_0351.jpg 533w\" sizes=\"auto, (max-width: 200px) 100vw, 200px\" \/><\/p>\n<p>Lelk\u00e9szi \u00fczenet<\/p>\n<section class=\"entry\">Szeretettel k\u00f6sz\u00f6nt\u00f6m a clevelandi Szent Erzs\u00e9bet Pl\u00e9b\u00e1nia honlapj\u00e1n.2015 nyar\u00e1n \u00e9rkeztem Clevelandbe, hogy a katolikus hitet \u00e9s magyar identit\u00e1st fenntartsuk \u00e9s tov\u00e1bbadjuk az \u00faj gener\u00e1ci\u00f3nak.<\/p>\n<p>A Szent Erzs\u00e9bet Pl\u00e9b\u00e1nia vezet\u00e9s\u00e9hez, 2018. j\u00falius 1-i hat\u00e1llyal kaptam kinevez\u00e9st, F\u0151tisztelend\u0151 Nelson J. Perez p\u00fcsp\u00f6k \u00fart\u00f3l, mivel F\u0151tisztelend\u0151 Antal Andr\u00e1s pl\u00e9b\u00e1nos \u00far nyug\u00e1lom\u00e1nyba vonult 2018. j\u00falius 1-i hat\u00e1llyal.<br \/>\nLelkip\u00e1sztori munk\u00e1m c\u00e9lja, hogy a sz\u00e9tsz\u00f3r\u00f3dott magyar \u00e9s magyar sz\u00e1rmaz\u00e1s\u00fa testv\u00e9reimet \u00f6sszegy\u0171jtsem, \u00e9s mint egy nagycsal\u00e1dban meg\u00e9lhess\u00fck az \u00f6sszetartoz\u00e1st, \u0151rizve r\u00f3mai katolikus hit\u00fcnket, magyar \u00f6r\u00f6ks\u00e9g\u00fcnket, sz\u00e9p magyar \u00e9nekeinket-hagyom\u00e1nyainkat. Fontosnak tartom, mint annak idej\u00e9n az \u00f3-amerik\u00e1sok, hogy a templom az val\u00f3ban egy olyan hely legyen, ahol az ember sz\u00edvb\u0151l meg\u00e9rezheti, hogy mit jelent sz\u00e1m\u00e1ra az \u00e9des anyanyelv, mit jelent magyarul im\u00e1dkozni \u00e9s \u00e9nekelni. Minden egyh\u00e1zk\u00f6zs\u00e9g \u00e9let\u00e9ben fontos a lelki egys\u00e9g, sz\u00e1munkra a legfontosabb, hogy itt Clevelandben \u0151rizz\u00fck a lelki egys\u00e9get Krisztusban, ahol lehet\u0151s\u00e9g\u00fcnk van a sz\u00e9p \u00e9s gazdag magyar liturgikus hagyom\u00e1nyaink \u0151rz\u00e9s\u00e9re \u00e9s \u00e9letben tart\u00e1s\u00e1ra.\u00a0 Nagy \u00f6r\u00f6m sz\u00e1momra, hogy itt teljes\u00edthetek lelkip\u00e1sztori szolg\u00e1latot, de \u00f6r\u00f6m\u00f6m akkor teljes, ha meghozz\u00e1k az \u00e1ldozatot, hogy id\u0151r\u0151l-id\u0151re egy\u00fctt lehet\u00fcnk a templomban. K\u00f6z\u00f6s \u00e9rdek\u00fcnk, hogy \u0151seink hit\u00e9t, magyars\u00e1g\u00e1t \u0151rizz\u00fck a J\u00f3isten kegyem\u00e9b\u0151l!<\/p>\n<p>&#8212;&#8212;&#8212;&#8212;&#8212;&#8212;&#8212;&#8212;&#8212;&#8212;&#8212;&#8212;&#8212;&#8212;&#8212;&#8212;&#8212;&#8212;&#8212;&#8212;&#8212;&#8212;&#8212;&#8212;&#8212;&#8212;&#8212;&#8212;&#8212;&#8212;&#8212;&#8212;&#8212;&#8212;&#8212;&#8212;&#8212;&#8212;&#8212;&#8212;&#8212;&#8212;&#8212;&#8212;&#8212;&#8212;&#8212;&#8212;&#8212;&#8212;&#8212;&#8212;&#8212;&#8212;&#8212;&#8212;&#8212;&#8212;&#8212;&#8212;&#8212;&#8212;&#8212;&#8212;&#8212;&#8212;&#8212;&#8212;&#8212;&#8212;&#8212;&#8212;&#8212;&#8212;&#8212;<\/p>\n<\/section>\n<p style=\"text-align: justify;\">Ez \u00fcnnepi alkalommal a Szent Erzs\u00e9bet egyh\u00e1zk\u00f6zs\u00e9g nev\u00e9ben k\u00f6sz\u00f6netemet fejezem ki mindazoknak, akik az elm\u00falt 125 \u00e9v alatt, nemcsak hivatalos megb\u00edz\u00e1sukkal, vagy egyh\u00e1zk\u00f6zs\u00e9gi tags\u00e1gukkal, de \u00e1ldozatos tev\u00e9kenys\u00e9g\u00fckkel \u00e9s nagylelk\u0171 adom\u00e1nyaikkal hozz\u00e1j\u00e1rultak ahhoz, hogy az egyh\u00e1zk\u00f6zs\u00e9g e jeles hat\u00e1rk\u0151h\u00f6z \u00e9rkezett. Els\u0151sorban az egyh\u00e1zk\u00f6zs\u00e9g vezet\u0151 papjaira \u00e9s kiseg\u00edt\u0151ire gondolok, akik az \u00e9vtizedek folyam\u00e1n, sokszor nagyon neh\u00e9z k\u00f6r\u00fclm\u00e9nyek k\u00f6z\u00f6tt, becs\u00fclettel helyt\u00e1lltak, \u00e9s mint h\u0171s\u00e9ges p\u00e1sztorok Krisztus nyomdokain vezett\u00e9k \u00e9s v\u00e9dt\u00e9k a ny\u00e1jat. Ugyancsak, szeretettel eml\u00e9kez\u00fcnk \u00e9s k\u00f6sz\u00f6netet mondunk azoknak a szerzetes n\u0151v\u00e9reknek \u00e9s vil\u00e1gi tan\u00edt\u00f3knak, akik a Szent Erzs\u00e9bet templom iskol\u00e1j\u00e1ban t\u00f6bb mint 70 \u00e9ven \u00e1t tan\u00edtott\u00e1k \u00e9s nevelt\u00e9k a fiatals\u00e1got. K\u00fcl\u00f6n\u00f6s k\u00f6sz\u00f6nettel tartozunk mindazoknak, akik a Buckeye negyed \u00e1talakul\u00e1si \u00e9veiben, \u00e9s az azt k\u00f6vet\u0151 \u00e9vtizedekben is h\u0171s\u00e9gesek maradtak a Szent Erzs\u00e9bet templomhoz. Az \u0151k kitart\u00e1suk \u00e9s \u00e1ldozatos munk\u00e1juk n\u00e9lk\u00fcl, nem \u00fcnnepeln\u00e9nk ma 125 \u00e9ves \u00e9vfordul\u00f3t. Gondolom, nem vagyok elfogult, ha szeretettel eml\u00e9kezek \u00e9s mondok k\u00f6sz\u00f6netet azoknak, akik a k\u00f6zel 30 \u00e9ves lelkip\u00e1sztori szolg\u00e1latom ideje alatt sz\u00edvvel-l\u00e9lekkel mell\u00e9m \u00e1lltak \u00e9s seg\u00edtettek, hogy az egyh\u00e1zk\u00f6zs\u00e9g meg\u00fajuljon \u00e9s er\u0151s\u00f6dj\u00f6n Isten \u00e9s Egyh\u00e1zunk szolg\u00e1lat\u00e1ban. V\u00e9g\u00fcl k\u00fcl\u00f6n k\u00f6sz\u00f6net azoknak, akik seg\u00edtettek, hogy ez \u00fcnneps\u00e9get el\u0151k\u00e9sz\u00edts\u00fck. Nem volt k\u00f6nny\u0171, de h\u00e1la Istennek el\u00e9rt\u00fck ezt a napot, amikor a gondvisel\u0151 Istennek h\u00e1l\u00e1t adhatunk.<\/p>\n<p style=\"text-align: justify;\">T. Az eml\u00edtett egyh\u00e1zk\u00f6zs\u00e9gi vezet\u0151k \u00e9s h\u00edvek nagy r\u00e9sze m\u00e1r az \u00f6r\u00f6kk\u00e9val\u00f3s\u00e1gba k\u00f6lt\u00f6z\u00f6tt. A mai \u00fcnnepi hangulatban kegyelettel gondoljunk r\u00e1juk, \u00e9s k\u00e9rj\u00fck a Felt\u00e1madt Urat, hogy minden \u00e1ldozatos munk\u00e1juk\u00e9rt \u00e9s t\u00e1mogat\u00e1suk\u00e9rt a boldog \u00f6r\u00f6k\u00e9let legyen az \u0151k jutalmuk. Azoknak pedig, akik vel\u00fcnk egy\u00fctt \u00fcnnepelnek, lelki b\u00e9kess\u00e9get \u00e9s egykor a j\u00f3s\u00e1gos \u00e9s irgalmas Isten b\u0151s\u00e9ges jutalm\u00e1t k\u00e9rj\u00fck.<\/p>\n<p style=\"text-align: justify;\">K\u00f6sz\u00f6net\u00fcnket fejezz\u00fck egyh\u00e1zmegy\u00e9nk f\u0151p\u00e1sztor\u00e1nak, Nelson J. Perez p\u00fcsp\u00f6k \u00farnak, Roger Gries seg\u00e9dp\u00fcsp\u00f6k \u00farnak, Gary Hoover ap\u00e1t \u00farnak \u00e9s a magyar paptestv\u00e9reknek, hogy elj\u00f6ttek \u00e9s egy\u00fctt mutathattuk be a h\u00e1laad\u00f3 jubileumi szentmis\u00e9t. Ugyancsak, k\u00f6sz\u00f6net a kedves vend\u00e9geknek \u00e9s h\u00edveknek, akik jelenl\u00e9t\u00fckkel \u00fcnnep\u00e9lyess\u00e9 \u00e9s Isten el\u0151tt kedvess\u00e9 tett\u00e9k e napot.<\/p>\n<p style=\"text-align: justify;\">V\u00e9g\u00fcl \u00f6r\u00f6mmel mondunk k\u00f6sz\u00f6netet, hogy a Magyar Korm\u00e1ny k\u00e9pviselet\u00e9ben jeles szem\u00e9lyek \u00fcnnepelnek vel\u00fcnk, \u00e9s a korm\u00e1ny nev\u00e9ben megbecs\u00fcl\u00e9s\u00fcket fejezt\u00e9k ki azzal, hogy a jubil\u00e1l\u00f3 egyh\u00e1zk\u00f6zs\u00e9gnek, Amerika els\u0151 r\u00f3mai katolikus templom\u00e1nak egy kit\u00fcntet\u0151 Oklevelet adom\u00e1nyoztak. K\u00f6sz\u00f6nj\u00fck sz\u00e9pen!<\/p>\n<p style=\"text-align: justify;\">K. T. A mai jubileumi \u00fcnnepen, visszatekintve az elm\u00falt 125 \u00e9vre, els\u0151sorban \u00e9s mindenekf\u00f6l\u00f6tt a gondvisel\u0151 Istennek mondunk k\u00f6sz\u00f6netet, hogy \u00e1ld\u00e1s\u00e1val k\u00eds\u00e9rte \u00e9s megtartotta templomunkat. El\u0151re tekintve, nem tudjuk, hogy mit hoz a holnap. Ez\u00e9rt nem mondhatunk j\u00f3slatokat, hanem im\u00e1ds\u00e1gos l\u00e9lekkel, egyh\u00e1zk\u00f6zs\u00e9g\u00fcnket, templom\u00e1val \u00e9s h\u00edveivel egy\u00fctt tov\u00e1bbra is a gondvisel\u0151 Isten oltalm\u00e1ba aj\u00e1nljuk.<\/p>\n<p><span class=\"embed-youtube\" style=\"text-align:center; display: block;\"><iframe loading=\"lazy\" class=\"youtube-player\" width=\"800\" height=\"450\" src=\"https:\/\/www.youtube.com\/embed\/N6X42xmz1rU?version=3&#038;rel=1&#038;showsearch=0&#038;showinfo=1&#038;iv_load_policy=1&#038;fs=1&#038;hl=hu-HU&#038;autohide=2&#038;wmode=transparent\" allowfullscreen=\"true\" style=\"border:0;\" sandbox=\"allow-scripts allow-same-origin allow-popups allow-presentation allow-popups-to-escape-sandbox\"><\/iframe><\/span><\/p>\n","protected":false},"excerpt":{"rendered":"<p>Lelk\u00e9szi \u00fczenet Szeretettel k\u00f6sz\u00f6nt\u00f6m a clevelandi Szent Erzs\u00e9bet Pl\u00e9b\u00e1nia honlapj\u00e1n.2015 nyar\u00e1n \u00e9rkeztem Clevelandbe, hogy a katolikus hitet \u00e9s magyar identit\u00e1st fenntartsuk \u00e9s tov\u00e1bbadjuk az \u00faj gener\u00e1ci\u00f3nak. A Szent Erzs\u00e9bet Pl\u00e9b\u00e1nia vezet\u00e9s\u00e9hez, 2018. j\u00falius 1-i hat\u00e1llyal kaptam kinevez\u00e9st, F\u0151tisztelend\u0151 Nelson J. Perez p\u00fcsp\u00f6k \u00fart\u00f3l, mivel F\u0151tisztelend\u0151 Antal Andr\u00e1s pl\u00e9b\u00e1nos \u00far nyug\u00e1lom\u00e1nyba vonult 2018. j\u00falius 1-i hat\u00e1llyal. [&hellip;]<\/p>\n","protected":false},"author":2,"featured_media":2520,"parent":0,"menu_order":0,"comment_status":"closed","ping_status":"closed","template":"","meta":{"jetpack_post_was_ever_published":false,"footnotes":""},"class_list":["post-138","page","type-page","status-publish","has-post-thumbnail","hentry"],"yoast_head":"<!-- This site is optimized with the Yoast SEO plugin v27.3 - https:\/\/yoast.com\/product\/yoast-seo-wordpress\/ -->\n<title>Lelk\u00e9szi \u00fczenet - St. Elizabeth of Hungary Catholic Church<\/title>\n<meta name=\"robots\" content=\"index, follow, max-snippet:-1, max-image-preview:large, max-video-preview:-1\" \/>\n<link rel=\"canonical\" href=\"https:\/\/www.stelizabethcleveland.org\/hu\/lelkeszi-uzenet\/\" \/>\n<meta property=\"og:locale\" content=\"hu_HU\" \/>\n<meta property=\"og:type\" content=\"article\" \/>\n<meta property=\"og:title\" content=\"Lelk\u00e9szi \u00fczenet - St. Elizabeth of Hungary Catholic Church\" \/>\n<meta property=\"og:description\" content=\"Lelk\u00e9szi \u00fczenet Szeretettel k\u00f6sz\u00f6nt\u00f6m a clevelandi Szent Erzs\u00e9bet Pl\u00e9b\u00e1nia honlapj\u00e1n.2015 nyar\u00e1n \u00e9rkeztem Clevelandbe, hogy a katolikus hitet \u00e9s magyar identit\u00e1st fenntartsuk \u00e9s tov\u00e1bbadjuk az \u00faj gener\u00e1ci\u00f3nak. A Szent Erzs\u00e9bet Pl\u00e9b\u00e1nia vezet\u00e9s\u00e9hez, 2018. j\u00falius 1-i hat\u00e1llyal kaptam kinevez\u00e9st, F\u0151tisztelend\u0151 Nelson J. Perez p\u00fcsp\u00f6k \u00fart\u00f3l, mivel F\u0151tisztelend\u0151 Antal Andr\u00e1s pl\u00e9b\u00e1nos \u00far nyug\u00e1lom\u00e1nyba vonult 2018. j\u00falius 1-i hat\u00e1llyal. [&hellip;]\" \/>\n<meta property=\"og:url\" content=\"https:\/\/www.stelizabethcleveland.org\/hu\/lelkeszi-uzenet\/\" \/>\n<meta property=\"og:site_name\" content=\"St. Elizabeth of Hungary Catholic Church\" \/>\n<meta property=\"article:modified_time\" content=\"2018-08-24T02:38:54+00:00\" \/>\n<meta property=\"og:image\" content=\"https:\/\/www.stelizabethcleveland.org\/wp-content\/uploads\/2018\/08\/DSC_0351.jpg\" \/>\n\t<meta property=\"og:image:width\" content=\"533\" \/>\n\t<meta property=\"og:image:height\" content=\"800\" \/>\n\t<meta property=\"og:image:type\" content=\"image\/jpeg\" \/>\n<meta name=\"twitter:card\" content=\"summary_large_image\" \/>\n<meta name=\"twitter:image\" content=\"http:\/\/www.stelizabethcleveland.org\/wp-content\/uploads\/2016\/04\/revAntalAndras.jpg\" \/>\n<meta name=\"twitter:label1\" content=\"Becs\u00fclt olvas\u00e1si id\u0151\" \/>\n\t<meta name=\"twitter:data1\" content=\"5 perc\" \/>\n<script type=\"application\/ld+json\" class=\"yoast-schema-graph\">{\"@context\":\"https:\\\/\\\/schema.org\",\"@graph\":[{\"@type\":\"WebPage\",\"@id\":\"https:\\\/\\\/www.stelizabethcleveland.org\\\/hu\\\/lelkeszi-uzenet\\\/\",\"url\":\"https:\\\/\\\/www.stelizabethcleveland.org\\\/hu\\\/lelkeszi-uzenet\\\/\",\"name\":\"Lelk\u00e9szi \u00fczenet - St. Elizabeth of Hungary Catholic Church\",\"isPartOf\":{\"@id\":\"https:\\\/\\\/www.stelizabethcleveland.org\\\/hu\\\/#website\"},\"primaryImageOfPage\":{\"@id\":\"https:\\\/\\\/www.stelizabethcleveland.org\\\/hu\\\/lelkeszi-uzenet\\\/#primaryimage\"},\"image\":{\"@id\":\"https:\\\/\\\/www.stelizabethcleveland.org\\\/hu\\\/lelkeszi-uzenet\\\/#primaryimage\"},\"thumbnailUrl\":\"https:\\\/\\\/www.stelizabethcleveland.org\\\/wp-content\\\/uploads\\\/2018\\\/08\\\/DSC_0351.jpg\",\"datePublished\":\"2016-04-18T16:26:00+00:00\",\"dateModified\":\"2018-08-24T02:38:54+00:00\",\"breadcrumb\":{\"@id\":\"https:\\\/\\\/www.stelizabethcleveland.org\\\/hu\\\/lelkeszi-uzenet\\\/#breadcrumb\"},\"inLanguage\":\"hu\",\"potentialAction\":[{\"@type\":\"ReadAction\",\"target\":[\"https:\\\/\\\/www.stelizabethcleveland.org\\\/hu\\\/lelkeszi-uzenet\\\/\"]}]},{\"@type\":\"ImageObject\",\"inLanguage\":\"hu\",\"@id\":\"https:\\\/\\\/www.stelizabethcleveland.org\\\/hu\\\/lelkeszi-uzenet\\\/#primaryimage\",\"url\":\"https:\\\/\\\/www.stelizabethcleveland.org\\\/wp-content\\\/uploads\\\/2018\\\/08\\\/DSC_0351.jpg\",\"contentUrl\":\"https:\\\/\\\/www.stelizabethcleveland.org\\\/wp-content\\\/uploads\\\/2018\\\/08\\\/DSC_0351.jpg\",\"width\":533,\"height\":800},{\"@type\":\"BreadcrumbList\",\"@id\":\"https:\\\/\\\/www.stelizabethcleveland.org\\\/hu\\\/lelkeszi-uzenet\\\/#breadcrumb\",\"itemListElement\":[{\"@type\":\"ListItem\",\"position\":1,\"name\":\"Home\",\"item\":\"https:\\\/\\\/www.stelizabethcleveland.org\\\/hu\\\/\"},{\"@type\":\"ListItem\",\"position\":2,\"name\":\"Lelk\u00e9szi \u00fczenet\"}]},{\"@type\":\"WebSite\",\"@id\":\"https:\\\/\\\/www.stelizabethcleveland.org\\\/hu\\\/#website\",\"url\":\"https:\\\/\\\/www.stelizabethcleveland.org\\\/hu\\\/\",\"name\":\"St. Elizabeth of Hungary Catholic Church\",\"description\":\"Szent Erzs\u00e9bet R\u00f3mai Katolikus Templom\",\"publisher\":{\"@id\":\"https:\\\/\\\/www.stelizabethcleveland.org\\\/hu\\\/#organization\"},\"potentialAction\":[{\"@type\":\"SearchAction\",\"target\":{\"@type\":\"EntryPoint\",\"urlTemplate\":\"https:\\\/\\\/www.stelizabethcleveland.org\\\/hu\\\/?s={search_term_string}\"},\"query-input\":{\"@type\":\"PropertyValueSpecification\",\"valueRequired\":true,\"valueName\":\"search_term_string\"}}],\"inLanguage\":\"hu\"},{\"@type\":\"Organization\",\"@id\":\"https:\\\/\\\/www.stelizabethcleveland.org\\\/hu\\\/#organization\",\"name\":\"St. Elizabeth of Hungary Catholic Church\",\"url\":\"https:\\\/\\\/www.stelizabethcleveland.org\\\/hu\\\/\",\"logo\":{\"@type\":\"ImageObject\",\"inLanguage\":\"hu\",\"@id\":\"https:\\\/\\\/www.stelizabethcleveland.org\\\/hu\\\/#\\\/schema\\\/logo\\\/image\\\/\",\"url\":\"https:\\\/\\\/www.stelizabethcleveland.org\\\/wp-content\\\/uploads\\\/2016\\\/04\\\/StElizabet-logo.jpg\",\"contentUrl\":\"https:\\\/\\\/www.stelizabethcleveland.org\\\/wp-content\\\/uploads\\\/2016\\\/04\\\/StElizabet-logo.jpg\",\"width\":150,\"height\":183,\"caption\":\"St. Elizabeth of Hungary Catholic Church\"},\"image\":{\"@id\":\"https:\\\/\\\/www.stelizabethcleveland.org\\\/hu\\\/#\\\/schema\\\/logo\\\/image\\\/\"}}]}<\/script>\n<!-- \/ Yoast SEO plugin. -->","yoast_head_json":{"title":"Lelk\u00e9szi \u00fczenet - St. Elizabeth of Hungary Catholic Church","robots":{"index":"index","follow":"follow","max-snippet":"max-snippet:-1","max-image-preview":"max-image-preview:large","max-video-preview":"max-video-preview:-1"},"canonical":"https:\/\/www.stelizabethcleveland.org\/hu\/lelkeszi-uzenet\/","og_locale":"hu_HU","og_type":"article","og_title":"Lelk\u00e9szi \u00fczenet - St. Elizabeth of Hungary Catholic Church","og_description":"Lelk\u00e9szi \u00fczenet Szeretettel k\u00f6sz\u00f6nt\u00f6m a clevelandi Szent Erzs\u00e9bet Pl\u00e9b\u00e1nia honlapj\u00e1n.2015 nyar\u00e1n \u00e9rkeztem Clevelandbe, hogy a katolikus hitet \u00e9s magyar identit\u00e1st fenntartsuk \u00e9s tov\u00e1bbadjuk az \u00faj gener\u00e1ci\u00f3nak. A Szent Erzs\u00e9bet Pl\u00e9b\u00e1nia vezet\u00e9s\u00e9hez, 2018. j\u00falius 1-i hat\u00e1llyal kaptam kinevez\u00e9st, F\u0151tisztelend\u0151 Nelson J. Perez p\u00fcsp\u00f6k \u00fart\u00f3l, mivel F\u0151tisztelend\u0151 Antal Andr\u00e1s pl\u00e9b\u00e1nos \u00far nyug\u00e1lom\u00e1nyba vonult 2018. j\u00falius 1-i hat\u00e1llyal. [&hellip;]","og_url":"https:\/\/www.stelizabethcleveland.org\/hu\/lelkeszi-uzenet\/","og_site_name":"St. Elizabeth of Hungary Catholic Church","article_modified_time":"2018-08-24T02:38:54+00:00","og_image":[{"width":533,"height":800,"url":"https:\/\/www.stelizabethcleveland.org\/wp-content\/uploads\/2018\/08\/DSC_0351.jpg","type":"image\/jpeg"}],"twitter_card":"summary_large_image","twitter_image":"http:\/\/www.stelizabethcleveland.org\/wp-content\/uploads\/2016\/04\/revAntalAndras.jpg","twitter_misc":{"Becs\u00fclt olvas\u00e1si id\u0151":"5 perc"},"schema":{"@context":"https:\/\/schema.org","@graph":[{"@type":"WebPage","@id":"https:\/\/www.stelizabethcleveland.org\/hu\/lelkeszi-uzenet\/","url":"https:\/\/www.stelizabethcleveland.org\/hu\/lelkeszi-uzenet\/","name":"Lelk\u00e9szi \u00fczenet - St. Elizabeth of Hungary Catholic Church","isPartOf":{"@id":"https:\/\/www.stelizabethcleveland.org\/hu\/#website"},"primaryImageOfPage":{"@id":"https:\/\/www.stelizabethcleveland.org\/hu\/lelkeszi-uzenet\/#primaryimage"},"image":{"@id":"https:\/\/www.stelizabethcleveland.org\/hu\/lelkeszi-uzenet\/#primaryimage"},"thumbnailUrl":"https:\/\/www.stelizabethcleveland.org\/wp-content\/uploads\/2018\/08\/DSC_0351.jpg","datePublished":"2016-04-18T16:26:00+00:00","dateModified":"2018-08-24T02:38:54+00:00","breadcrumb":{"@id":"https:\/\/www.stelizabethcleveland.org\/hu\/lelkeszi-uzenet\/#breadcrumb"},"inLanguage":"hu","potentialAction":[{"@type":"ReadAction","target":["https:\/\/www.stelizabethcleveland.org\/hu\/lelkeszi-uzenet\/"]}]},{"@type":"ImageObject","inLanguage":"hu","@id":"https:\/\/www.stelizabethcleveland.org\/hu\/lelkeszi-uzenet\/#primaryimage","url":"https:\/\/www.stelizabethcleveland.org\/wp-content\/uploads\/2018\/08\/DSC_0351.jpg","contentUrl":"https:\/\/www.stelizabethcleveland.org\/wp-content\/uploads\/2018\/08\/DSC_0351.jpg","width":533,"height":800},{"@type":"BreadcrumbList","@id":"https:\/\/www.stelizabethcleveland.org\/hu\/lelkeszi-uzenet\/#breadcrumb","itemListElement":[{"@type":"ListItem","position":1,"name":"Home","item":"https:\/\/www.stelizabethcleveland.org\/hu\/"},{"@type":"ListItem","position":2,"name":"Lelk\u00e9szi \u00fczenet"}]},{"@type":"WebSite","@id":"https:\/\/www.stelizabethcleveland.org\/hu\/#website","url":"https:\/\/www.stelizabethcleveland.org\/hu\/","name":"St. Elizabeth of Hungary Catholic Church","description":"Szent Erzs\u00e9bet R\u00f3mai Katolikus Templom","publisher":{"@id":"https:\/\/www.stelizabethcleveland.org\/hu\/#organization"},"potentialAction":[{"@type":"SearchAction","target":{"@type":"EntryPoint","urlTemplate":"https:\/\/www.stelizabethcleveland.org\/hu\/?s={search_term_string}"},"query-input":{"@type":"PropertyValueSpecification","valueRequired":true,"valueName":"search_term_string"}}],"inLanguage":"hu"},{"@type":"Organization","@id":"https:\/\/www.stelizabethcleveland.org\/hu\/#organization","name":"St. Elizabeth of Hungary Catholic Church","url":"https:\/\/www.stelizabethcleveland.org\/hu\/","logo":{"@type":"ImageObject","inLanguage":"hu","@id":"https:\/\/www.stelizabethcleveland.org\/hu\/#\/schema\/logo\/image\/","url":"https:\/\/www.stelizabethcleveland.org\/wp-content\/uploads\/2016\/04\/StElizabet-logo.jpg","contentUrl":"https:\/\/www.stelizabethcleveland.org\/wp-content\/uploads\/2016\/04\/StElizabet-logo.jpg","width":150,"height":183,"caption":"St. Elizabeth of Hungary Catholic Church"},"image":{"@id":"https:\/\/www.stelizabethcleveland.org\/hu\/#\/schema\/logo\/image\/"}}]}},"jetpack_sharing_enabled":true,"jetpack_shortlink":"https:\/\/wp.me\/P7q0Tc-2e","_links":{"self":[{"href":"https:\/\/www.stelizabethcleveland.org\/hu\/wp-json\/wp\/v2\/pages\/138","targetHints":{"allow":["GET"]}}],"collection":[{"href":"https:\/\/www.stelizabethcleveland.org\/hu\/wp-json\/wp\/v2\/pages"}],"about":[{"href":"https:\/\/www.stelizabethcleveland.org\/hu\/wp-json\/wp\/v2\/types\/page"}],"author":[{"embeddable":true,"href":"https:\/\/www.stelizabethcleveland.org\/hu\/wp-json\/wp\/v2\/users\/2"}],"replies":[{"embeddable":true,"href":"https:\/\/www.stelizabethcleveland.org\/hu\/wp-json\/wp\/v2\/comments?post=138"}],"version-history":[{"count":0,"href":"https:\/\/www.stelizabethcleveland.org\/hu\/wp-json\/wp\/v2\/pages\/138\/revisions"}],"wp:featuredmedia":[{"embeddable":true,"href":"https:\/\/www.stelizabethcleveland.org\/hu\/wp-json\/wp\/v2\/media\/2520"}],"wp:attachment":[{"href":"https:\/\/www.stelizabethcleveland.org\/hu\/wp-json\/wp\/v2\/media?parent=138"}],"curies":[{"name":"wp","href":"https:\/\/api.w.org\/{rel}","templated":true}]}}